{"id":422,"date":"2024-02-03T22:20:48","date_gmt":"2024-02-03T22:20:48","guid":{"rendered":"https:\/\/tk360.com.br\/?page_id=422"},"modified":"2024-04-05T16:51:07","modified_gmt":"2024-04-05T16:51:07","slug":"sobre","status":"publish","type":"page","link":"https:\/\/tk360.com.br\/en\/sobre\/","title":{"rendered":"Sobre"},"content":{"rendered":"<div data-elementor-type=\"wp-page\" data-elementor-id=\"422\" class=\"elementor elementor-422\" data-elementor-post-type=\"page\">\n\t\t\t\t<div class=\"elementor-element elementor-element-42e2dad e-flex e-con-boxed e-con e-parent\" data-id=\"42e2dad\" data-element_type=\"container\" data-e-type=\"container\" data-settings=\"{&quot;background_background&quot;:&quot;classic&quot;}\">\n\t\t\t\t\t<div class=\"e-con-inner\">\n\t\t\t\t<div class=\"elementor-element elementor-element-0c4a1f4 elementor-widget elementor-widget-text-editor\" data-id=\"0c4a1f4\" data-element_type=\"widget\" data-e-type=\"widget\" data-widget_type=\"text-editor.default\">\n\t\t\t\t<div class=\"elementor-widget-container\">\n\t\t\t\t\t\t\t\t\tHome\t\t\t\t\t\t\t\t<\/div>\n\t\t\t\t<\/div>\n\t\t\t\t\t<\/div>\n\t\t\t\t<\/div>\n\t\t<div class=\"elementor-element elementor-element-e234bf1 e-flex e-con-boxed e-con e-parent\" data-id=\"e234bf1\" data-element_type=\"container\" data-e-type=\"container\" data-settings=\"{&quot;background_background&quot;:&quot;classic&quot;}\">\n\t\t\t\t\t<div class=\"e-con-inner\">\n\t\t<div class=\"elementor-element elementor-element-85cf143 e-con-full e-flex e-con e-child\" data-id=\"85cf143\" data-element_type=\"container\" data-e-type=\"container\">\n\t\t\t\t<div class=\"elementor-element elementor-element-7aaf892 elementor-widget elementor-widget-text-editor\" data-id=\"7aaf892\" data-element_type=\"widget\" data-e-type=\"widget\" data-widget_type=\"text-editor.default\">\n\t\t\t\t<div class=\"elementor-widget-container\">\n\t\t\t\t\t\t\t\t\t<p><span style=\"font-weight: 400;\">Bem-vindo \u00e0 nossa jornada pela Favela da Rocinha, a maior favela da Am\u00e9rica Latina! Somos apaixonados por compartilhar a riqueza cultural, a diversidade e a autenticidade desta comunidade vibrante no cora\u00e7\u00e3o do Rio de Janeiro.<\/span><\/p><p><span style=\"font-weight: 400;\">Nosso compromisso \u00e9 proporcionar experi\u00eancias \u00fanicas e enriquecedoras aos visitantes, destacando a verdadeira ess\u00eancia da Rocinha. Guiados por moradores locais, nossos passeios oferecem n\u00e3o apenas vistas panor\u00e2micas deslumbrantes, mas tamb\u00e9m narrativas aut\u00eanticas sobre a vida na favela, suas hist\u00f3rias e desafios.<\/span><\/p><p><span style=\"font-weight: 400;\">O que nos torna especiais:<\/span><\/p><ol><li><span style=\"font-weight: 400;\"> Guias Locais Especializados: Nossos guias s\u00e3o moradores da Rocinha, trazendo consigo um conhecimento profundo e pessoal da comunidade. Eles est\u00e3o comprometidos em compartilhar hist\u00f3rias aut\u00eanticas e oferecer insights valiosos.<\/span><\/li><\/ol><div>\u00a0<\/div><ol start=\"2\"><li><span style=\"font-weight: 400;\"> Experi\u00eancias Gastron\u00f4micas \u00danicas: Durante o passeio, proporcionamos a oportunidade de saborear a rica culin\u00e1ria local em bares da regi\u00e3o. Uma chance deliciosa de mergulhar na cultura gastron\u00f4mica da Rocinha.<\/span><\/li><\/ol><div>\u00a0<\/div><ol start=\"3\"><li><span style=\"font-weight: 400;\"> Op\u00e7\u00f5es de Passeios Personalizadas: Oferecemos flexibilidade para atender \u00e0s prefer\u00eancias e necessidades individuais. Seja uma reserva antecipada, passeio privativo ou grupos maiores, adaptamos nossos servi\u00e7os para garantir uma experi\u00eancia personalizada.<\/span><\/li><\/ol><ol start=\"4\"><li><span style=\"font-weight: 400;\"> Compromisso com a Seguran\u00e7a: A seguran\u00e7a dos nossos visitantes \u00e9 nossa prioridade. Implementamos medidas rigorosas para garantir que todos desfrutem do passeio com tranquilidade e conforto.<\/span><\/li><\/ol><p>\u00a0<\/p><p><span style=\"font-weight: 400;\">Ao escolher nossos servi\u00e7os, voc\u00ea n\u00e3o apenas desfruta de vistas deslumbrantes e experi\u00eancias aut\u00eanticas, mas tamb\u00e9m contribui para a economia local, apoiando iniciativas que promovem o desenvolvimento sustent\u00e1vel da Favela da Rocinha.<\/span><\/p><p>\u00a0<\/p><p><span style=\"font-weight: 400;\">Venha se juntar a n\u00f3s nessa jornada \u00fanica e descubra a Rocinha de uma maneira que vai al\u00e9m das apar\u00eancias, mergulhando na riqueza cultural que torna esta comunidade verdadeiramente especial. Estamos ansiosos para compartilhar momentos inesquec\u00edveis com voc\u00ea!<\/span><\/p>\t\t\t\t\t\t\t\t<\/div>\n\t\t\t\t<\/div>\n\t\t\t\t<\/div>\n\t\t\t\t\t<\/div>\n\t\t\t\t<\/div>\n\t\t\t\t<\/div>","protected":false},"excerpt":{"rendered":"<p>Home Bem-vindo \u00e0 nossa jornada pela Favela da Rocinha, a maior favela da Am\u00e9rica Latina! Somos apaixonados por compartilhar a riqueza cultural, a diversidade e a autenticidade desta comunidade vibrante no cora\u00e7\u00e3o do Rio de Janeiro. Nosso compromisso \u00e9 proporcionar experi\u00eancias \u00fanicas e enriquecedoras aos visitantes, destacando a verdadeira ess\u00eancia da Rocinha. Guiados por moradores&hellip;<\/p>","protected":false},"author":1,"featured_media":0,"parent":0,"menu_order":0,"comment_status":"closed","ping_status":"closed","template":"elementor_header_footer","meta":{"footnotes":""},"class_list":["post-422","page","type-page","status-publish","hentry"],"_links":{"self":[{"href":"https:\/\/tk360.com.br\/en\/wp-json\/wp\/v2\/pages\/422","targetHints":{"allow":["GET"]}}],"collection":[{"href":"https:\/\/tk360.com.br\/en\/wp-json\/wp\/v2\/pages"}],"about":[{"href":"https:\/\/tk360.com.br\/en\/wp-json\/wp\/v2\/types\/page"}],"author":[{"embeddable":true,"href":"https:\/\/tk360.com.br\/en\/wp-json\/wp\/v2\/users\/1"}],"replies":[{"embeddable":true,"href":"https:\/\/tk360.com.br\/en\/wp-json\/wp\/v2\/comments?post=422"}],"version-history":[{"count":0,"href":"https:\/\/tk360.com.br\/en\/wp-json\/wp\/v2\/pages\/422\/revisions"}],"wp:attachment":[{"href":"https:\/\/tk360.com.br\/en\/wp-json\/wp\/v2\/media?parent=422"}],"curies":[{"name":"wp","href":"https:\/\/api.w.org\/{rel}","templated":true}]}}