{"id":3228,"date":"2026-02-22T02:13:22","date_gmt":"2026-02-22T02:13:22","guid":{"rendered":"https:\/\/tk360.com.br\/about\/"},"modified":"2026-05-14T02:20:39","modified_gmt":"2026-05-14T02:20:39","slug":"sobre-nos","status":"publish","type":"page","link":"https:\/\/tk360.com.br\/en\/sobre-nos\/","title":{"rendered":"Sobre n\u00f3s"},"content":{"rendered":"\t\t<div data-elementor-type=\"wp-page\" data-elementor-id=\"3228\" class=\"elementor elementor-3228\" data-elementor-post-type=\"page\">\n\t\t\t\t<div class=\"elementor-element elementor-element-0cc4fb3 e-flex e-con-boxed e-con e-parent\" data-id=\"0cc4fb3\" data-element_type=\"container\" data-e-type=\"container\" data-settings=\"{&quot;background_background&quot;:&quot;classic&quot;}\">\n\t\t\t\t\t<div class=\"e-con-inner\">\n\t\t<div class=\"elementor-element elementor-element-62136d6 e-con-full e-flex e-con e-child\" data-id=\"62136d6\" data-element_type=\"container\" data-e-type=\"container\">\n\t\t\t\t<div class=\"elementor-element elementor-element-dba48e7 elementor-widget elementor-widget-heading\" data-id=\"dba48e7\" data-element_type=\"widget\" data-e-type=\"widget\" data-widget_type=\"heading.default\">\n\t\t\t\t<div class=\"elementor-widget-container\">\n\t\t\t\t\t<div class=\"elementor-heading-title elementor-size-default\"><a href=\"https:\/\/tragaway-demo.themefic.com\/\">Home<\/a><\/div>\t\t\t\t<\/div>\n\t\t\t\t<\/div>\n\t\t\t\t<div class=\"elementor-element elementor-element-a7307f2 elementor-widget elementor-widget-heading\" data-id=\"a7307f2\" data-element_type=\"widget\" data-e-type=\"widget\" data-widget_type=\"heading.default\">\n\t\t\t\t<div class=\"elementor-widget-container\">\n\t\t\t\t\t<div class=\"elementor-heading-title elementor-size-default\"><a href=\"https:\/\/tragaway-demo.themefic.com\/\">\/<\/a><\/div>\t\t\t\t<\/div>\n\t\t\t\t<\/div>\n\t\t\t\t<div class=\"elementor-element elementor-element-1cddf81 elementor-widget elementor-widget-heading\" data-id=\"1cddf81\" data-element_type=\"widget\" data-e-type=\"widget\" data-widget_type=\"heading.default\">\n\t\t\t\t<div class=\"elementor-widget-container\">\n\t\t\t\t\t<p class=\"elementor-heading-title elementor-size-default\">Sobre a TK360<\/p>\t\t\t\t<\/div>\n\t\t\t\t<\/div>\n\t\t\t\t<\/div>\n\t\t\t\t\t<\/div>\n\t\t\t\t<\/div>\n\t\t<div class=\"elementor-element elementor-element-da0170a e-flex e-con-boxed e-con e-parent\" data-id=\"da0170a\" data-element_type=\"container\" data-e-type=\"container\">\n\t\t\t\t\t<div class=\"e-con-inner\">\n\t\t<div class=\"elementor-element elementor-element-f864e60 e-con-full e-flex e-con e-child\" data-id=\"f864e60\" data-element_type=\"container\" data-e-type=\"container\">\n\t\t<div class=\"elementor-element elementor-element-4840613 e-con-full tft-about-left e-flex e-con e-child\" data-id=\"4840613\" data-element_type=\"container\" data-e-type=\"container\">\n\t\t\t\t<div class=\"elementor-element elementor-element-a652367 animated-slow elementor-invisible elementor-widget elementor-widget-heading\" data-id=\"a652367\" data-element_type=\"widget\" data-e-type=\"widget\" data-settings=\"{&quot;_animation&quot;:&quot;fadeIn&quot;,&quot;_animation_mobile&quot;:&quot;fadeIn&quot;}\" data-widget_type=\"heading.default\">\n\t\t\t\t<div class=\"elementor-widget-container\">\n\t\t\t\t\t<h2 class=\"elementor-heading-title elementor-size-default\">Quem somos?<\/h2>\t\t\t\t<\/div>\n\t\t\t\t<\/div>\n\t\t\t\t<div class=\"elementor-element elementor-element-b6822e6 elementor-widget elementor-widget-text-editor\" data-id=\"b6822e6\" data-element_type=\"widget\" data-e-type=\"widget\" data-widget_type=\"text-editor.default\">\n\t\t\t\t<div class=\"elementor-widget-container\">\n\t\t\t\t\t\t\t\t\t<p>A TK360 \u00e9 uma empresa de turismo de experi\u00eancia criada para apresentar um Rio de Janeiro mais real, humano e conectado \u00e0 cultura local. Mais do que visitar pontos tur\u00edsticos, acreditamos em proporcionar viv\u00eancias aut\u00eanticas, aproximando visitantes das hist\u00f3rias, pessoas e realidades que fazem parte da ess\u00eancia da cidade.<\/p><p>Fundada oficialmente em 2024 e constru\u00edda a partir de mais de 8 anos de experi\u00eancia no turismo local, a TK360 trabalha com guias que conhecem profundamente os territ\u00f3rios onde atuam. Valorizamos especialmente os guias locais porque acreditamos que ningu\u00e9m melhor do que quem vive a realidade do lugar para compartilhar sua cultura, cotidiano, desafios e pot\u00eancia de forma verdadeira \u2014 sem vers\u00f5es maquiadas ou superficiais.<\/p><p>Nossos principais roteiros incluem o Favela Tour Rocinha, o Moto Tour no Vidigal e o Tour Pequena \u00c1frica, experi\u00eancias que unem cultura, hist\u00f3ria, troca humana e conex\u00e3o com os territ\u00f3rios. Ao mesmo tempo, a TK360 tamb\u00e9m atua com passeios tradicionais e personalizados, como Cristo Redentor, P\u00e3o de A\u00e7\u00facar, tours pela Regi\u00e3o dos Lagos e experi\u00eancias em outros destinos do Brasil.<\/p><p>O que nos diferencia \u00e9 a forma como enxergamos o turismo: para n\u00f3s, cada passeio deve ser uma experi\u00eancia capaz de gerar conex\u00e3o, aprendizado e novas perspectivas. Trabalhamos com grupos, experi\u00eancias privadas e roteiros personalizados, sempre priorizando seguran\u00e7a, conforto, respeito \u00e0s comunidades e autenticidade em cada detalhe.<\/p><p>Mais do que mostrar paisagens, queremos apresentar o lado mais vivo e verdadeiro de cada lugar. Porque a melhor forma de conhecer um destino \u00e9 atrav\u00e9s das pessoas que fazem parte dele.<\/p>\t\t\t\t\t\t\t\t<\/div>\n\t\t\t\t<\/div>\n\t\t\t\t<div class=\"elementor-element elementor-element-1ac833a elementor-widget elementor-widget-heading\" data-id=\"1ac833a\" data-element_type=\"widget\" data-e-type=\"widget\" data-widget_type=\"heading.default\">\n\t\t\t\t<div class=\"elementor-widget-container\">\n\t\t\t\t\t<h4 class=\"elementor-heading-title elementor-size-default\">Nossa Miss\u00e3o<\/h4>\t\t\t\t<\/div>\n\t\t\t\t<\/div>\n\t\t\t\t<div class=\"elementor-element elementor-element-74e75ff elementor-widget elementor-widget-text-editor\" data-id=\"74e75ff\" data-element_type=\"widget\" data-e-type=\"widget\" data-widget_type=\"text-editor.default\">\n\t\t\t\t<div class=\"elementor-widget-container\">\n\t\t\t\t\t\t\t\t\t<div class=\"qMYqUG_convSearchResultHighlightRoot\"><div class=\"\" data-turn-id-container=\"request-WEB:e747f3bf-7222-4930-8bb6-cf36b0028b71-0\" data-is-intersecting=\"true\"><div class=\"relative w-full overflow-visible\"><section class=\"text-token-text-primary w-full focus:outline-none [--shadow-height:45px] has-data-writing-block:pointer-events-none has-data-writing-block:-mt-(--shadow-height) has-data-writing-block:pt-(--shadow-height) [&amp;:has([data-writing-block])&gt;*]:pointer-events-auto R6Vx5W_threadScrollVars scroll-mb-[calc(var(--scroll-root-safe-area-inset-bottom,0px)+var(--thread-response-height))] scroll-mt-[calc(var(--header-height)+min(200px,max(70px,20svh)))]\" dir=\"auto\" data-turn-id=\"request-WEB:e747f3bf-7222-4930-8bb6-cf36b0028b71-0\" data-turn-id-container=\"request-WEB:e747f3bf-7222-4930-8bb6-cf36b0028b71-0\" data-testid=\"conversation-turn-2\" data-scroll-anchor=\"false\" data-turn=\"assistant\"><div class=\"text-base my-auto mx-auto pb-10 [--thread-content-margin:var(--thread-content-margin-xs,calc(var(--spacing)*4))] @w-sm\/main:[--thread-content-margin:var(--thread-content-margin-sm,calc(var(--spacing)*6))] @w-lg\/main:[--thread-content-margin:var(--thread-content-margin-lg,calc(var(--spacing)*16))] px-(--thread-content-margin)\"><div class=\"[--thread-content-max-width:40rem] @w-lg\/main:[--thread-content-max-width:48rem] mx-auto max-w-(--thread-content-max-width) flex-1 group\/turn-messages focus-visible:outline-hidden relative flex w-full min-w-0 flex-col agent-turn\"><div class=\"flex max-w-full flex-col gap-4 grow\"><div class=\"min-h-8 text-message relative flex w-full flex-col items-end gap-2 text-start break-words whitespace-normal outline-none keyboard-focused:focus-ring [.text-message+&amp;]:mt-1\" dir=\"auto\" tabindex=\"0\" data-message-author-role=\"assistant\" data-message-id=\"eb3fb891-8e17-4063-807a-ec146a2b532f\" data-message-model-slug=\"gpt-5-3-mini\" data-turn-start-message=\"true\"><div class=\"flex w-full flex-col gap-1 empty:hidden\"><div class=\"markdown prose dark:prose-invert wrap-break-word w-full dark markdown-new-styling\"><p data-start=\"0\" data-end=\"207\" data-is-last-node=\"\" data-is-only-node=\"\">TK360 \u00e9 uma empresa de turismo de experi\u00eancia no Rio de Janeiro que conecta visitantes \u00e0 cultura local. Oferecemos roteiros aut\u00eanticos com guias locais, promovendo viv\u00eancias reais, seguras e transformadoras.<\/p><\/div><\/div><\/div><\/div><\/div><\/div><\/section><\/div><\/div><\/div>\t\t\t\t\t\t\t\t<\/div>\n\t\t\t\t<\/div>\n\t\t\t\t<div class=\"elementor-element elementor-element-fcb0a72 elementor-widget elementor-widget-button\" data-id=\"fcb0a72\" data-element_type=\"widget\" data-e-type=\"widget\" data-widget_type=\"button.default\">\n\t\t\t\t<div class=\"elementor-widget-container\">\n\t\t\t\t\t\t\t\t\t<div class=\"elementor-button-wrapper\">\n\t\t\t\t\t<a class=\"elementor-button elementor-button-link elementor-size-sm\" href=\"https:\/\/tk360.com.br\/tours\/\" rel=\"nofollow\">\n\t\t\t\t\t\t<span class=\"elementor-button-content-wrapper\">\n\t\t\t\t\t\t<span class=\"elementor-button-icon\">\n\t\t\t\t<svg aria-hidden=\"true\" class=\"e-font-icon-svg e-fas-arrow-right\" viewBox=\"0 0 448 512\" xmlns=\"http:\/\/www.w3.org\/2000\/svg\"><path d=\"M190.5 66.9l22.2-22.2c9.4-9.4 24.6-9.4 33.9 0L441 239c9.4 9.4 9.4 24.6 0 33.9L246.6 467.3c-9.4 9.4-24.6 9.4-33.9 0l-22.2-22.2c-9.5-9.5-9.3-25 .4-34.3L311.4 296H24c-13.3 0-24-10.7-24-24v-32c0-13.3 10.7-24 24-24h287.4L190.9 101.2c-9.8-9.3-10-24.8-.4-34.3z\"><\/path><\/svg>\t\t\t<\/span>\n\t\t\t\t\t\t\t\t\t<span class=\"elementor-button-text\">Explore agora<\/span>\n\t\t\t\t\t<\/span>\n\t\t\t\t\t<\/a>\n\t\t\t\t<\/div>\n\t\t\t\t\t\t\t\t<\/div>\n\t\t\t\t<\/div>\n\t\t\t\t<\/div>\n\t\t<div class=\"elementor-element elementor-element-670d302 e-con-full e-flex e-con e-child\" data-id=\"670d302\" data-element_type=\"container\" data-e-type=\"container\">\n\t\t\t\t<div class=\"elementor-element elementor-element-9ce3a8a elementor-widget elementor-widget-image\" data-id=\"9ce3a8a\" data-element_type=\"widget\" data-e-type=\"widget\" data-widget_type=\"image.default\">\n\t\t\t\t<div class=\"elementor-widget-container\">\n\t\t\t\t\t\t\t\t\t\t\t\t\t\t\t<img decoding=\"async\" src=\"https:\/\/tragaway-demo.themefic.com\/wp-content\/uploads\/2025\/08\/about-image.webp\" title=\"\" alt=\"\" loading=\"lazy\" \/>\t\t\t\t\t\t\t\t\t\t\t\t\t\t\t<\/div>\n\t\t\t\t<\/div>\n\t\t\t\t<\/div>\n\t\t\t\t<\/div>\n\t\t\t\t\t<\/div>\n\t\t\t\t<\/div>\n\t\t<div class=\"elementor-element elementor-element-f16ce61 e-flex e-con-boxed e-con e-parent\" data-id=\"f16ce61\" data-element_type=\"container\" data-e-type=\"container\">\n\t\t\t\t\t<div class=\"e-con-inner\">\n\t\t\t\t<div class=\"elementor-element elementor-element-b7b700e animated-slow elementor-invisible elementor-widget elementor-widget-heading\" data-id=\"b7b700e\" data-element_type=\"widget\" data-e-type=\"widget\" data-settings=\"{&quot;_animation&quot;:&quot;fadeIn&quot;,&quot;_animation_mobile&quot;:&quot;fadeIn&quot;}\" data-widget_type=\"heading.default\">\n\t\t\t\t<div class=\"elementor-widget-container\">\n\t\t\t\t\t<h2 class=\"elementor-heading-title elementor-size-default\">Por que nos escolher?<\/h2>\t\t\t\t<\/div>\n\t\t\t\t<\/div>\n\t\t<div class=\"elementor-element elementor-element-276b35a e-grid e-con-full e-con e-child\" data-id=\"276b35a\" data-element_type=\"container\" data-e-type=\"container\">\n\t\t<div class=\"elementor-element elementor-element-351b838 e-con-full e-flex e-con e-child\" data-id=\"351b838\" data-element_type=\"container\" data-e-type=\"container\">\n\t\t\t\t<div class=\"elementor-element elementor-element-399312a elementor-widget elementor-widget-image\" data-id=\"399312a\" data-element_type=\"widget\" data-e-type=\"widget\" data-widget_type=\"image.default\">\n\t\t\t\t<div class=\"elementor-widget-container\">\n\t\t\t\t\t\t\t\t\t\t\t\t\t\t\t<img decoding=\"async\" src=\"https:\/\/tragaway-demo.themefic.com\/wp-content\/uploads\/2024\/12\/competitive-pricing-1.png\" title=\"\" alt=\"\" loading=\"lazy\" \/>\t\t\t\t\t\t\t\t\t\t\t\t\t\t\t<\/div>\n\t\t\t\t<\/div>\n\t\t\t\t<div class=\"elementor-element elementor-element-5d9563b elementor-widget elementor-widget-heading\" data-id=\"5d9563b\" data-element_type=\"widget\" data-e-type=\"widget\" data-widget_type=\"heading.default\">\n\t\t\t\t<div class=\"elementor-widget-container\">\n\t\t\t\t\t<h3 class=\"elementor-heading-title elementor-size-default\">Pre\u00e7os Competitivos<\/h3>\t\t\t\t<\/div>\n\t\t\t\t<\/div>\n\t\t\t\t<div class=\"elementor-element elementor-element-faccf2d elementor-widget elementor-widget-text-editor\" data-id=\"faccf2d\" data-element_type=\"widget\" data-e-type=\"widget\" data-widget_type=\"text-editor.default\">\n\t\t\t\t<div class=\"elementor-widget-container\">\n\t\t\t\t\t\t\t\t\t<p data-start=\"0\" data-end=\"131\">Oferecemos experi\u00eancias aut\u00eanticas com excelente custo-benef\u00edcio e pre\u00e7os justos para todos os viajantes.<\/p>\t\t\t\t\t\t\t\t<\/div>\n\t\t\t\t<\/div>\n\t\t\t\t<\/div>\n\t\t<div class=\"elementor-element elementor-element-e52cc9c e-con-full e-flex e-con e-child\" data-id=\"e52cc9c\" data-element_type=\"container\" data-e-type=\"container\">\n\t\t\t\t<div class=\"elementor-element elementor-element-c400d95 elementor-widget elementor-widget-image\" data-id=\"c400d95\" data-element_type=\"widget\" data-e-type=\"widget\" data-widget_type=\"image.default\">\n\t\t\t\t<div class=\"elementor-widget-container\">\n\t\t\t\t\t\t\t\t\t\t\t\t\t\t\t<img decoding=\"async\" src=\"https:\/\/tragaway-demo.themefic.com\/wp-content\/uploads\/2024\/12\/fast-booking-1.png\" title=\"\" alt=\"\" loading=\"lazy\" \/>\t\t\t\t\t\t\t\t\t\t\t\t\t\t\t<\/div>\n\t\t\t\t<\/div>\n\t\t\t\t<div class=\"elementor-element elementor-element-bb49513 elementor-widget elementor-widget-heading\" data-id=\"bb49513\" data-element_type=\"widget\" data-e-type=\"widget\" data-widget_type=\"heading.default\">\n\t\t\t\t<div class=\"elementor-widget-container\">\n\t\t\t\t\t<h3 class=\"elementor-heading-title elementor-size-default\">Reservas R\u00e1pidas<\/h3>\t\t\t\t<\/div>\n\t\t\t\t<\/div>\n\t\t\t\t<div class=\"elementor-element elementor-element-d62a155 elementor-widget elementor-widget-text-editor\" data-id=\"d62a155\" data-element_type=\"widget\" data-e-type=\"widget\" data-widget_type=\"text-editor.default\">\n\t\t\t\t<div class=\"elementor-widget-container\">\n\t\t\t\t\t\t\t\t\t<p data-start=\"133\" data-end=\"255\">Reserve seu passeio de forma simples e r\u00e1pida, com atendimento \u00e1gil e confirma\u00e7\u00e3o em poucos passos.<\/p>\t\t\t\t\t\t\t\t<\/div>\n\t\t\t\t<\/div>\n\t\t\t\t<\/div>\n\t\t<div class=\"elementor-element elementor-element-f7894b7 e-con-full e-flex e-con e-child\" data-id=\"f7894b7\" data-element_type=\"container\" data-e-type=\"container\">\n\t\t\t\t<div class=\"elementor-element elementor-element-d37c9bc elementor-widget elementor-widget-image\" data-id=\"d37c9bc\" data-element_type=\"widget\" data-e-type=\"widget\" data-widget_type=\"image.default\">\n\t\t\t\t<div class=\"elementor-widget-container\">\n\t\t\t\t\t\t\t\t\t\t\t\t\t\t\t<img decoding=\"async\" src=\"https:\/\/tragaway-demo.themefic.com\/wp-content\/uploads\/2024\/12\/guided-tours-1.png\" title=\"\" alt=\"\" loading=\"lazy\" \/>\t\t\t\t\t\t\t\t\t\t\t\t\t\t\t<\/div>\n\t\t\t\t<\/div>\n\t\t\t\t<div class=\"elementor-element elementor-element-466a64c elementor-widget elementor-widget-heading\" data-id=\"466a64c\" data-element_type=\"widget\" data-e-type=\"widget\" data-widget_type=\"heading.default\">\n\t\t\t\t<div class=\"elementor-widget-container\">\n\t\t\t\t\t<h3 class=\"elementor-heading-title elementor-size-default\">Visitas Guiadas<\/h3>\t\t\t\t<\/div>\n\t\t\t\t<\/div>\n\t\t\t\t<div class=\"elementor-element elementor-element-8f1e6a3 elementor-widget elementor-widget-text-editor\" data-id=\"8f1e6a3\" data-element_type=\"widget\" data-e-type=\"widget\" data-widget_type=\"text-editor.default\">\n\t\t\t\t<div class=\"elementor-widget-container\">\n\t\t\t\t\t\t\t\t\t<div class=\"qMYqUG_convSearchResultHighlightRoot\"><div class=\"\" data-turn-id-container=\"request-WEB:e747f3bf-7222-4930-8bb6-cf36b0028b71-1\" data-is-intersecting=\"true\"><div class=\"relative w-full overflow-visible\"><section class=\"text-token-text-primary w-full focus:outline-none [--shadow-height:45px] has-data-writing-block:pointer-events-none has-data-writing-block:-mt-(--shadow-height) has-data-writing-block:pt-(--shadow-height) [&amp;:has([data-writing-block])&gt;*]:pointer-events-auto R6Vx5W_threadScrollVars scroll-mb-[calc(var(--scroll-root-safe-area-inset-bottom,0px)+var(--thread-response-height))] scroll-mt-[calc(var(--header-height)+min(200px,max(70px,20svh)))]\" dir=\"auto\" data-turn-id=\"request-WEB:e747f3bf-7222-4930-8bb6-cf36b0028b71-1\" data-turn-id-container=\"request-WEB:e747f3bf-7222-4930-8bb6-cf36b0028b71-1\" data-testid=\"conversation-turn-4\" data-scroll-anchor=\"false\" data-turn=\"assistant\"><div class=\"text-base my-auto mx-auto pb-10 [--thread-content-margin:var(--thread-content-margin-xs,calc(var(--spacing)*4))] @w-sm\/main:[--thread-content-margin:var(--thread-content-margin-sm,calc(var(--spacing)*6))] @w-lg\/main:[--thread-content-margin:var(--thread-content-margin-lg,calc(var(--spacing)*16))] px-(--thread-content-margin)\"><div class=\"[--thread-content-max-width:40rem] @w-lg\/main:[--thread-content-max-width:48rem] mx-auto max-w-(--thread-content-max-width) flex-1 group\/turn-messages focus-visible:outline-hidden relative flex w-full min-w-0 flex-col agent-turn\"><div class=\"flex max-w-full flex-col gap-4 grow\"><div class=\"min-h-8 text-message relative flex w-full flex-col items-end gap-2 text-start break-words whitespace-normal outline-none keyboard-focused:focus-ring [.text-message+&amp;]:mt-1\" dir=\"auto\" tabindex=\"0\" data-message-author-role=\"assistant\" data-message-id=\"b91c6d60-7500-4d83-8c31-6a523f5d4410\" data-message-model-slug=\"gpt-5-3-mini\" data-turn-start-message=\"true\"><div class=\"flex w-full flex-col gap-1 empty:hidden\"><div class=\"markdown prose dark:prose-invert wrap-break-word w-full dark markdown-new-styling\"><p data-start=\"257\" data-end=\"379\" data-is-last-node=\"\" data-is-only-node=\"\">Guias locais experientes que tornam cada passeio mais rico, seguro e conectado \u00e0 cultura do destino.<\/p><\/div><\/div><\/div><\/div><\/div><\/div><\/section><\/div><\/div><\/div>\t\t\t\t\t\t\t\t<\/div>\n\t\t\t\t<\/div>\n\t\t\t\t<\/div>\n\t\t\t\t<\/div>\n\t\t\t\t\t<\/div>\n\t\t\t\t<\/div>\n\t\t<div class=\"elementor-element elementor-element-8df8c23 e-flex e-con-boxed e-con e-parent\" data-id=\"8df8c23\" data-element_type=\"container\" data-e-type=\"container\" data-settings=\"{&quot;background_background&quot;:&quot;classic&quot;}\">\n\t\t\t\t\t<div class=\"e-con-inner\">\n\t\t\t\t<div class=\"elementor-element elementor-element-26e2b74 animated-slow elementor-invisible elementor-widget elementor-widget-heading\" data-id=\"26e2b74\" data-element_type=\"widget\" data-e-type=\"widget\" data-settings=\"{&quot;_animation&quot;:&quot;fadeIn&quot;,&quot;_animation_mobile&quot;:&quot;fadeIn&quot;}\" data-widget_type=\"heading.default\">\n\t\t\t\t<div class=\"elementor-widget-container\">\n\t\t\t\t\t<h2 class=\"elementor-heading-title elementor-size-default\">Escrit\u00f3rio em Leblon, RJ<\/h2>\t\t\t\t<\/div>\n\t\t\t\t<\/div>\n\t\t<div class=\"elementor-element elementor-element-d39db4f e-grid e-con-full e-con e-child\" data-id=\"d39db4f\" data-element_type=\"container\" data-e-type=\"container\">\n\t\t<div class=\"elementor-element elementor-element-222ff3a e-con-full e-flex e-con e-child\" data-id=\"222ff3a\" data-element_type=\"container\" data-e-type=\"container\">\n\t\t\t\t<div class=\"elementor-element elementor-element-87f2bce elementor-widget elementor-widget-image\" data-id=\"87f2bce\" data-element_type=\"widget\" data-e-type=\"widget\" data-widget_type=\"image.default\">\n\t\t\t\t<div class=\"elementor-widget-container\">\n\t\t\t\t\t\t\t\t\t\t\t\t\t\t\t<img decoding=\"async\" src=\"https:\/\/tragaway-demo.themefic.com\/wp-content\/uploads\/2025\/08\/berlin-office.webp\" title=\"\" alt=\"\" loading=\"lazy\" \/>\t\t\t\t\t\t\t\t\t\t\t\t\t\t\t<\/div>\n\t\t\t\t<\/div>\n\t\t\t\t<div class=\"elementor-element elementor-element-fdcea0b elementor-widget elementor-widget-heading\" data-id=\"fdcea0b\" data-element_type=\"widget\" data-e-type=\"widget\" data-widget_type=\"heading.default\">\n\t\t\t\t<div class=\"elementor-widget-container\">\n\t\t\t\t\t<h3 class=\"elementor-heading-title elementor-size-default\">Leblon<\/h3>\t\t\t\t<\/div>\n\t\t\t\t<\/div>\n\t\t\t\t<div class=\"elementor-element elementor-element-5896944 elementor-widget elementor-widget-text-editor\" data-id=\"5896944\" data-element_type=\"widget\" data-e-type=\"widget\" data-widget_type=\"text-editor.default\">\n\t\t\t\t<div class=\"elementor-widget-container\">\n\t\t\t\t\t\t\t\t\t<p>Avenida Ataulfo de Paiva, 1235, SALA 303, Leblon, Rio de Janeiro, RJ.<\/p>\t\t\t\t\t\t\t\t<\/div>\n\t\t\t\t<\/div>\n\t\t\t\t<\/div>\n\t\t<div class=\"elementor-element elementor-element-28dfaf1 e-con-full e-flex e-con e-child\" data-id=\"28dfaf1\" data-element_type=\"container\" data-e-type=\"container\">\n\t\t\t\t<\/div>\n\t\t<div class=\"elementor-element elementor-element-0f4dec1 e-con-full e-flex e-con e-child\" data-id=\"0f4dec1\" data-element_type=\"container\" data-e-type=\"container\">\n\t\t\t\t<\/div>\n\t\t\t\t<\/div>\n\t\t\t\t\t<\/div>\n\t\t\t\t<\/div>\n\t\t\t\t<\/div>\n\t\t","protected":false},"excerpt":{"rendered":"<p>Home \/ Sobre a TK360 Quem somos? A TK360 \u00e9 uma empresa de turismo de experi\u00eancia criada para apresentar um Rio de Janeiro mais real, humano e conectado \u00e0 cultura local. Mais do que visitar pontos tur\u00edsticos, acreditamos em proporcionar viv\u00eancias aut\u00eanticas, aproximando visitantes das hist\u00f3rias, pessoas e realidades que fazem parte da ess\u00eancia da&hellip;<\/p>","protected":false},"author":1,"featured_media":0,"parent":0,"menu_order":0,"comment_status":"closed","ping_status":"closed","template":"elementor_header_footer","meta":{"footnotes":""},"class_list":["post-3228","page","type-page","status-publish","hentry"],"_links":{"self":[{"href":"https:\/\/tk360.com.br\/en\/wp-json\/wp\/v2\/pages\/3228","targetHints":{"allow":["GET"]}}],"collection":[{"href":"https:\/\/tk360.com.br\/en\/wp-json\/wp\/v2\/pages"}],"about":[{"href":"https:\/\/tk360.com.br\/en\/wp-json\/wp\/v2\/types\/page"}],"author":[{"embeddable":true,"href":"https:\/\/tk360.com.br\/en\/wp-json\/wp\/v2\/users\/1"}],"replies":[{"embeddable":true,"href":"https:\/\/tk360.com.br\/en\/wp-json\/wp\/v2\/comments?post=3228"}],"version-history":[{"count":32,"href":"https:\/\/tk360.com.br\/en\/wp-json\/wp\/v2\/pages\/3228\/revisions"}],"predecessor-version":[{"id":5315,"href":"https:\/\/tk360.com.br\/en\/wp-json\/wp\/v2\/pages\/3228\/revisions\/5315"}],"wp:attachment":[{"href":"https:\/\/tk360.com.br\/en\/wp-json\/wp\/v2\/media?parent=3228"}],"curies":[{"name":"wp","href":"https:\/\/api.w.org\/{rel}","templated":true}]}}